{"id":190,"date":"2012-12-12T01:35:05","date_gmt":"2012-12-12T00:35:05","guid":{"rendered":"http:\/\/christianrhein.de\/?page_id=190"},"modified":"2025-07-16T11:08:33","modified_gmt":"2025-07-16T10:08:33","slug":"forschung","status":"publish","type":"page","link":"https:\/\/christianrhein.de\/?page_id=190","title":{"rendered":":: Forschung"},"content":{"rendered":"<p>Ich bin davon \u00fcberzeugt, dass Theorie und Praxis keine Gegens\u00e4tze sein m\u00fcssen, sondern sich erg\u00e4nzen k\u00f6nnen. Als Medien- und Kommunikationswissenschaftler interessieren mich Konzepte und Anwendungen f\u00fcr Medien im \u00f6ffentlichen Raum \u2013 von kleinen Displays bis hin zu gro\u00dfen Fassadenmedien.<\/p>\n","protected":false},"excerpt":{"rendered":"<p>Ich bin davon \u00fcberzeugt, dass Theorie und Praxis keine Gegens\u00e4tze sein m\u00fcssen, sondern sich erg\u00e4nzen k\u00f6nnen. Als Medien- und Kommunikationswissenschaftler interessieren mich Konzepte und Anwendungen f\u00fcr Medien im \u00f6ffentlichen Raum \u2013 von kleinen Displays bis hin zu gro\u00dfen Fassadenmedien.<\/p>\n","protected":false},"author":1,"featured_media":0,"parent":0,"menu_order":0,"comment_status":"closed","ping_status":"closed","template":"page-tpl-blog.php","meta":{"ngg_post_thumbnail":0,"footnotes":""},"class_list":["post-190","page","type-page","status-publish","hentry"],"_links":{"self":[{"href":"https:\/\/christianrhein.de\/index.php?rest_route=\/wp\/v2\/pages\/190","targetHints":{"allow":["GET"]}}],"collection":[{"href":"https:\/\/christianrhein.de\/index.php?rest_route=\/wp\/v2\/pages"}],"about":[{"href":"https:\/\/christianrhein.de\/index.php?rest_route=\/wp\/v2\/types\/page"}],"author":[{"embeddable":true,"href":"https:\/\/christianrhein.de\/index.php?rest_route=\/wp\/v2\/users\/1"}],"replies":[{"embeddable":true,"href":"https:\/\/christianrhein.de\/index.php?rest_route=%2Fwp%2Fv2%2Fcomments&post=190"}],"version-history":[{"count":10,"href":"https:\/\/christianrhein.de\/index.php?rest_route=\/wp\/v2\/pages\/190\/revisions"}],"predecessor-version":[{"id":898,"href":"https:\/\/christianrhein.de\/index.php?rest_route=\/wp\/v2\/pages\/190\/revisions\/898"}],"wp:attachment":[{"href":"https:\/\/christianrhein.de\/index.php?rest_route=%2Fwp%2Fv2%2Fmedia&parent=190"}],"curies":[{"name":"wp","href":"https:\/\/api.w.org\/{rel}","templated":true}]}}