{"id":464,"date":"2013-01-03T18:52:15","date_gmt":"2013-01-03T17:52:15","guid":{"rendered":"http:\/\/christianrhein.de\/?page_id=464"},"modified":"2025-01-14T14:54:12","modified_gmt":"2025-01-14T13:54:12","slug":"uber-mich","status":"publish","type":"page","link":"https:\/\/christianrhein.de\/?page_id=464","title":{"rendered":":: \u00dcber mich"},"content":{"rendered":"<p>Als Projektmanager betreue ich seit 1999 <a title=\":: Referenzen\" href=\"https:\/\/christianrhein.de\/?page_id=243\">Projekte<\/a> f\u00fcr gro\u00dfe und mittelst\u00e4ndische Betriebe im Auftrag von Agenturen (<a href=\"http:\/\/www.dreiform.de\">dreiform<\/a>, ag4, <a title=\"people interactive\" href=\"http:\/\/www.people-interactive.de\/\" target=\"_blank\" rel=\"noopener\">people interactive<\/a>) oder direkt f\u00fcr Unternehmen (<a title=\"Messeinszenierung f\u00fcr ESYLUX\" href=\"https:\/\/christianrhein.de\/?portfolio=messefilme-fur-esylux\" target=\"_blank\" rel=\"noopener\">ESYLUX<\/a>, <a title=\"Messestand f\u00fcr secudo\" href=\"https:\/\/christianrhein.de\/?portfolio=messestand-fur-secudo-gmbh\" target=\"_blank\" rel=\"noopener\">secudo<\/a>). Dabei sind mir Qualit\u00e4t, Effektivit\u00e4t und Effizienz genauso wichtig wie eine partnerschaftliche Zusammenarbeit auf Augenh\u00f6he, die meinen Kunden wie mir Spa\u00df macht. Als Diplom-Medienwirt bringe ich Kreativit\u00e4t und Wirtschaftlichkeit in Ihre Projekte ein.<\/p>\n<p>Einen vollst\u00e4ndigen Einblick in meine Vita erhalten Sie <a title=\"XING\" href=\"http:\/\/www.xing.com\/profile\/Christian_Rhein\" target=\"_blank\" rel=\"noopener\">hier<\/a>.<\/p>\n<p>F\u00fcr folgende Unternehmen habe ich in der Vergangenheit Projekte realisiert:<\/p>\n<p><img loading=\"lazy\" decoding=\"async\" width=\"757\" height=\"289\" class=\"alignnone size-full wp-image-477\" title=\"Kunden\" src=\"https:\/\/christianrhein.de\/wp-content\/uploads\/2013\/01\/kunden.jpg\" alt=\"\" srcset=\"https:\/\/christianrhein.de\/wp-content\/uploads\/2013\/01\/kunden.jpg 757w, https:\/\/christianrhein.de\/wp-content\/uploads\/2013\/01\/kunden-300x114.jpg 300w\" sizes=\"auto, (max-width: 757px) 100vw, 757px\" \/><\/p>\n<p>&nbsp;<\/p>\n","protected":false},"excerpt":{"rendered":"<p>Als Projektmanager betreue ich seit 1999 Projekte f\u00fcr gro\u00dfe und mittelst\u00e4ndische Betriebe im Auftrag von Agenturen (dreiform, ag4, people interactive) oder direkt f\u00fcr Unternehmen (ESYLUX, secudo). Dabei sind mir Qualit\u00e4t, Effektivit\u00e4t und Effizienz genauso wichtig wie eine partnerschaftliche Zusammenarbeit auf Augenh\u00f6he, die meinen Kunden wie mir Spa\u00df macht. Als Diplom-Medienwirt bringe ich Kreativit\u00e4t und Wirtschaftlichkeit <a class=\"moretag\" href=\"https:\/\/christianrhein.de\/?page_id=464\">&rarr; Weiterlesen<\/a><\/p>\n","protected":false},"author":2,"featured_media":0,"parent":0,"menu_order":0,"comment_status":"closed","ping_status":"closed","template":"","meta":{"ngg_post_thumbnail":0,"footnotes":""},"class_list":["post-464","page","type-page","status-publish","hentry"],"_links":{"self":[{"href":"https:\/\/christianrhein.de\/index.php?rest_route=\/wp\/v2\/pages\/464","targetHints":{"allow":["GET"]}}],"collection":[{"href":"https:\/\/christianrhein.de\/index.php?rest_route=\/wp\/v2\/pages"}],"about":[{"href":"https:\/\/christianrhein.de\/index.php?rest_route=\/wp\/v2\/types\/page"}],"author":[{"embeddable":true,"href":"https:\/\/christianrhein.de\/index.php?rest_route=\/wp\/v2\/users\/2"}],"replies":[{"embeddable":true,"href":"https:\/\/christianrhein.de\/index.php?rest_route=%2Fwp%2Fv2%2Fcomments&post=464"}],"version-history":[{"count":22,"href":"https:\/\/christianrhein.de\/index.php?rest_route=\/wp\/v2\/pages\/464\/revisions"}],"predecessor-version":[{"id":835,"href":"https:\/\/christianrhein.de\/index.php?rest_route=\/wp\/v2\/pages\/464\/revisions\/835"}],"wp:attachment":[{"href":"https:\/\/christianrhein.de\/index.php?rest_route=%2Fwp%2Fv2%2Fmedia&parent=464"}],"curies":[{"name":"wp","href":"https:\/\/api.w.org\/{rel}","templated":true}]}}